{"id":253,"date":"2016-10-25T14:20:26","date_gmt":"2016-10-25T12:20:26","guid":{"rendered":"http:\/\/ld-wp.template-help.com\/wordpress_63597-sample\/?page_id=253"},"modified":"2018-12-02T16:53:05","modified_gmt":"2018-12-02T15:53:05","slug":"ueber-uns","status":"publish","type":"page","link":"https:\/\/www.autows.de\/de\/ueber-uns\/","title":{"rendered":"\u00dcber uns"},"content":{"rendered":"<p>\u00dcber Uns HERZLICH WILLKOMMEN BEI Auto WS KARLSRUHE DEM GEBRAUCHTWAGENH\u00c4NDLER IHRES VERTRAUENS, IN 2007 IST Auto WS KARLSRUHE GEGR\u00dcNDET, WELCHE AUTOS AN- UND VERKAUF IM GROSSRAUM KARLSRUHE. HABEN SIE FRAGEN ZUM THEMA GEBRAUCHTWAGENKAUF? DANN STEHT IMMER UNSERE FREUNDLICH <a href=\"https:\/\/www.autows.de\/de\/ueber-uns\/\" title=\"Read more on \u00dcber uns\" class=\"more-link\">read more<\/a><\/p>\n","protected":false},"excerpt":{"rendered":"<p>\u00dcber Uns HERZLICH WILLKOMMEN BEI Auto WS KARLSRUHE DEM GEBRAUCHTWAGENH\u00c4NDLER IHRES VERTRAUENS, IN 2007 IST Auto WS KARLSRUHE GEGR\u00dcNDET, WELCHE AUTOS AN- UND VERKAUF IM GROSSRAUM KARLSRUHE. HABEN SIE FRAGEN ZUM THEMA GEBRAUCHTWAGENKAUF? DANN STEHT IMMER UNSERE FREUNDLICH read more<\/p>\n","protected":false},"author":1,"featured_media":0,"parent":0,"menu_order":0,"comment_status":"closed","ping_status":"closed","template":"","meta":[],"_links":{"self":[{"href":"https:\/\/www.autows.de\/de\/wp-json\/wp\/v2\/pages\/253"}],"collection":[{"href":"https:\/\/www.autows.de\/de\/wp-json\/wp\/v2\/pages"}],"about":[{"href":"https:\/\/www.autows.de\/de\/wp-json\/wp\/v2\/types\/page"}],"author":[{"embeddable":true,"href":"https:\/\/www.autows.de\/de\/wp-json\/wp\/v2\/users\/1"}],"replies":[{"embeddable":true,"href":"https:\/\/www.autows.de\/de\/wp-json\/wp\/v2\/comments?post=253"}],"version-history":[{"count":18,"href":"https:\/\/www.autows.de\/de\/wp-json\/wp\/v2\/pages\/253\/revisions"}],"predecessor-version":[{"id":2298,"href":"https:\/\/www.autows.de\/de\/wp-json\/wp\/v2\/pages\/253\/revisions\/2298"}],"wp:attachment":[{"href":"https:\/\/www.autows.de\/de\/wp-json\/wp\/v2\/media?parent=253"}],"curies":[{"name":"wp","href":"https:\/\/api.w.org\/{rel}","templated":true}]}}